{"id":104,"date":"2024-11-19T10:07:08","date_gmt":"2024-11-19T09:07:08","guid":{"rendered":"http:\/\/www.letonnelet.com\/?page_id=104"},"modified":"2025-11-13T09:41:08","modified_gmt":"2025-11-13T08:41:08","slug":"les-spectacles","status":"publish","type":"page","link":"https:\/\/www.letonnelet.com\/","title":{"rendered":"Les Spectacles"},"content":{"rendered":"\n<div class=\"wp-block-cover alignfull is-light\" style=\"min-height:505px;aspect-ratio:unset;\"><span aria-hidden=\"true\" class=\"wp-block-cover__background has-background-dim-100 has-background-dim\" style=\"background-color:#ffffff\"><\/span><div class=\"wp-block-cover__inner-container is-layout-flow wp-block-cover-is-layout-flow\">\n<div class=\"wp-block-media-text alignwide has-media-on-the-right is-stacked-on-mobile is-vertically-aligned-center is-image-fill-element\"><div class=\"wp-block-media-text__content\">\n<figure class=\"wp-block-image size-large is-resized\"><img loading=\"lazy\" decoding=\"async\" width=\"1024\" height=\"512\" src=\"http:\/\/www.letonnelet.com\/wp-content\/uploads\/2024\/11\/4-1-1024x512.png\" alt=\"\" class=\"wp-image-245\" style=\"width:452px;height:auto\" srcset=\"https:\/\/www.letonnelet.com\/wp-content\/uploads\/2024\/11\/4-1-1024x512.png 1024w, https:\/\/www.letonnelet.com\/wp-content\/uploads\/2024\/11\/4-1-300x150.png 300w, https:\/\/www.letonnelet.com\/wp-content\/uploads\/2024\/11\/4-1-768x384.png 768w, https:\/\/www.letonnelet.com\/wp-content\/uploads\/2024\/11\/4-1.png 1417w\" sizes=\"auto, (max-width: 1024px) 100vw, 1024px\" \/><\/figure>\n\n\n\n<p><strong>Conte \/ Alsace \/ Malgr\u00e9-nous \/ Cosmogonie \/ Mythologie<\/strong><\/p>\n\n\n\n<p class=\"has-text-color\" style=\"color:#000000;font-size:17px\">Dur\u00e9e 45 minutes \/ \u00e0 partir de 9 ans \/ cr\u00e9ation 2024<\/p>\n\n\n\n<p class=\"has-text-color\" style=\"color:#000000;font-size:17px\"><em>Jean, accompagn\u00e9 de son Grand-p\u00e8re conteur et Alsacien, joue \u00e0 la seconde guerre mondiale. Un jour, Il d\u00e9couvre des vieux papiers nazis avec la photo de son Grand-p\u00e8re. \u00ab\u00a0Papi, t&rsquo;\u00e9tais un nazi ?\u00a0\u00bb. Un spectacle \u00e9mouvant et mythologique qui retrace le tabou des malgr\u00e9-nous.<\/em><\/p>\n\n\n\n<div class=\"wp-block-buttons is-layout-flex wp-block-buttons-is-layout-flex\">\n<div class=\"wp-block-button is-style-fill\"><a class=\"wp-block-button__link wp-element-button\" href=\"http:\/\/www.letonnelet.com\/index.php\/la-chasse-maudite-conte-dun-malgre-nous\/\">En savoir plus<\/a><\/div>\n<\/div>\n<\/div><figure class=\"wp-block-media-text__media\"><img loading=\"lazy\" decoding=\"async\" width=\"1024\" height=\"512\" src=\"http:\/\/www.letonnelet.com\/wp-content\/uploads\/2024\/11\/3-3-1024x512.png\" alt=\"\" class=\"wp-image-244 size-full\" style=\"object-position:50% 50%\" srcset=\"https:\/\/www.letonnelet.com\/wp-content\/uploads\/2024\/11\/3-3-1024x512.png 1024w, https:\/\/www.letonnelet.com\/wp-content\/uploads\/2024\/11\/3-3-300x150.png 300w, https:\/\/www.letonnelet.com\/wp-content\/uploads\/2024\/11\/3-3-768x384.png 768w, https:\/\/www.letonnelet.com\/wp-content\/uploads\/2024\/11\/3-3.png 1417w\" sizes=\"auto, (max-width: 1024px) 100vw, 1024px\" \/><\/figure><\/div>\n<\/div><\/div>\n\n\n\n<div class=\"wp-block-cover alignfull is-light\" style=\"min-height:500px;aspect-ratio:unset;\"><span aria-hidden=\"true\" class=\"wp-block-cover__background has-background-dim-100 has-background-dim\" style=\"background-color:#ffffff\"><\/span><div class=\"wp-block-cover__inner-container is-layout-flow wp-block-cover-is-layout-flow\">\n<div class=\"wp-block-media-text alignwide is-stacked-on-mobile is-vertically-aligned-center is-image-fill-element\" style=\"grid-template-columns:56% auto\"><figure class=\"wp-block-media-text__media\"><img loading=\"lazy\" decoding=\"async\" width=\"1024\" height=\"512\" src=\"http:\/\/www.letonnelet.com\/wp-content\/uploads\/2024\/11\/6-1024x512.png\" alt=\"\" class=\"wp-image-233 size-full\" style=\"object-position:50% 50%\" srcset=\"https:\/\/www.letonnelet.com\/wp-content\/uploads\/2024\/11\/6-1024x512.png 1024w, https:\/\/www.letonnelet.com\/wp-content\/uploads\/2024\/11\/6-300x150.png 300w, https:\/\/www.letonnelet.com\/wp-content\/uploads\/2024\/11\/6-768x384.png 768w, https:\/\/www.letonnelet.com\/wp-content\/uploads\/2024\/11\/6.png 1417w\" sizes=\"auto, (max-width: 1024px) 100vw, 1024px\" \/><\/figure><div class=\"wp-block-media-text__content\">\n<figure class=\"wp-block-image size-large\"><img loading=\"lazy\" decoding=\"async\" width=\"1024\" height=\"512\" src=\"http:\/\/www.letonnelet.com\/wp-content\/uploads\/2024\/11\/9-1024x512.png\" alt=\"\" class=\"wp-image-240\" srcset=\"https:\/\/www.letonnelet.com\/wp-content\/uploads\/2024\/11\/9-1024x512.png 1024w, https:\/\/www.letonnelet.com\/wp-content\/uploads\/2024\/11\/9-300x150.png 300w, https:\/\/www.letonnelet.com\/wp-content\/uploads\/2024\/11\/9-768x384.png 768w, https:\/\/www.letonnelet.com\/wp-content\/uploads\/2024\/11\/9.png 1417w\" sizes=\"auto, (max-width: 1024px) 100vw, 1024px\" \/><\/figure>\n\n\n\n<p><strong>Th\u00e9\u00e2tre \/ Objet \/ Moyen-\u00e2ge \/ Chevalier \/ Humour<\/strong><\/p>\n\n\n\n<p>Dur\u00e9e 45 minutes \/ \u00e0 partir de 6 ans \/ Cr\u00e9ation 2015<\/p>\n\n\n\n<p class=\"has-text-align-left has-text-color\" style=\"color:#000000;font-size:17px\"><em>Deux personnages pour une qu\u00eate : sauver une donzelle princesse en vue d\u2019\u00e9pousailles. Fran\u00e7ouille vous raconte cette aventure comme si vous y \u00e9tiez. Un spectacle dr\u00f4le et sensible, un com\u00e9dien, deux personnages, mais aussi de la pyrotechnie, des chansons, de l\u2019action, de l\u2019amooouuuuuur et du rebondissement. Un bon moment en perspective.<\/em><\/p>\n\n\n\n<div class=\"wp-block-buttons is-layout-flex wp-block-buttons-is-layout-flex\">\n<div class=\"wp-block-button is-style-fill\"><a class=\"wp-block-button__link wp-element-button\" href=\"http:\/\/www.letonnelet.com\/index.php\/138-2\/\">En savoir Plus<\/a><\/div>\n<\/div>\n<\/div><\/div>\n<\/div><\/div>\n\n\n\n<div class=\"wp-block-cover alignfull is-light\" style=\"min-height:541px;aspect-ratio:unset;\"><span aria-hidden=\"true\" class=\"wp-block-cover__background has-background-dim-100 has-background-dim\" style=\"background-color:#ffffff\"><\/span><div class=\"wp-block-cover__inner-container is-layout-flow wp-block-cover-is-layout-flow\">\n<div class=\"wp-block-media-text alignwide has-media-on-the-right is-stacked-on-mobile is-vertically-aligned-center is-image-fill-element\" style=\"grid-template-columns:auto 61%\"><div class=\"wp-block-media-text__content\">\n<figure class=\"wp-block-image size-large is-resized\"><img loading=\"lazy\" decoding=\"async\" width=\"1024\" height=\"512\" src=\"http:\/\/www.letonnelet.com\/wp-content\/uploads\/2025\/11\/7-1024x512.png\" alt=\"\" class=\"wp-image-508\" style=\"width:350px;height:auto\" srcset=\"https:\/\/www.letonnelet.com\/wp-content\/uploads\/2025\/11\/7-1024x512.png 1024w, https:\/\/www.letonnelet.com\/wp-content\/uploads\/2025\/11\/7-300x150.png 300w, https:\/\/www.letonnelet.com\/wp-content\/uploads\/2025\/11\/7-768x384.png 768w, https:\/\/www.letonnelet.com\/wp-content\/uploads\/2025\/11\/7.png 1417w\" sizes=\"auto, (max-width: 1024px) 100vw, 1024px\" \/><\/figure>\n\n\n\n<p><strong>Th\u00e9\u00e2tre \/ Musique \u00e9lectronique \/ Manipulation de masse \/ Immersif<\/strong><\/p>\n\n\n\n<p>Dur\u00e9e 1 heure \/ \u00e0 partir de 13 ans \/ cr\u00e9ation 2025<\/p>\n\n\n\n<p class=\"has-text-color\" style=\"color:#000000;font-size:17px\"><em> Ed_b\u018e est le fant\u00f4me d\u2019Edward Bernays, le fondateur de l\u2019industrie des relations publiques, une industrie de manipulation de masse. Il ne dispara\u00eet pas comme la plupart des autres morts, il vous attend dans le sas, l\u2019antichambre entre votre monde et le sien.\u00a0<\/em><\/p>\n\n\n\n<p><\/p>\n\n\n\n<p><\/p>\n\n\n\n<p><\/p>\n\n\n\n<p><\/p>\n\n\n\n<div class=\"wp-block-buttons is-layout-flex wp-block-buttons-is-layout-flex\">\n<div class=\"wp-block-button is-style-fill\"><a class=\"wp-block-button__link wp-element-button\" href=\"http:\/\/www.letonnelet.com\/index.php\/les-torches-de-la-liberte\/\">En savoir plus<\/a><\/div>\n<\/div>\n<\/div><figure class=\"wp-block-media-text__media\"><img loading=\"lazy\" decoding=\"async\" width=\"1024\" height=\"512\" src=\"http:\/\/www.letonnelet.com\/wp-content\/uploads\/2025\/11\/6-1024x512.png\" alt=\"\" class=\"wp-image-507 size-full\" style=\"object-position:50% 50%\" srcset=\"https:\/\/www.letonnelet.com\/wp-content\/uploads\/2025\/11\/6-1024x512.png 1024w, https:\/\/www.letonnelet.com\/wp-content\/uploads\/2025\/11\/6-300x150.png 300w, https:\/\/www.letonnelet.com\/wp-content\/uploads\/2025\/11\/6-768x384.png 768w, https:\/\/www.letonnelet.com\/wp-content\/uploads\/2025\/11\/6.png 1417w\" sizes=\"auto, (max-width: 1024px) 100vw, 1024px\" \/><\/figure><\/div>\n<\/div><\/div>\n\n\n\n<p><\/p>\n","protected":false},"excerpt":{"rendered":"","protected":false},"author":1,"featured_media":0,"parent":0,"menu_order":0,"comment_status":"closed","ping_status":"closed","template":"","meta":{"site-sidebar-layout":"default","site-content-layout":"","ast-site-content-layout":"","site-content-style":"default","site-sidebar-style":"default","ast-global-header-display":"","ast-banner-title-visibility":"","ast-main-header-display":"","ast-hfb-above-header-display":"","ast-hfb-below-header-display":"","ast-hfb-mobile-header-display":"","site-post-title":"","ast-breadcrumbs-content":"","ast-featured-img":"","footer-sml-layout":"","theme-transparent-header-meta":"","adv-header-id-meta":"","stick-header-meta":"","header-above-stick-meta":"","header-main-stick-meta":"","header-below-stick-meta":"","astra-migrate-meta-layouts":"default","ast-page-background-enabled":"default","ast-page-background-meta":{"desktop":{"background-color":"var(--ast-global-color-4)","background-image":"","background-repeat":"repeat","background-position":"center center","background-size":"auto","background-attachment":"scroll","background-type":"","background-media":"","overlay-type":"","overlay-color":"","overlay-opacity":"","overlay-gradient":""},"tablet":{"background-color":"","background-image":"","background-repeat":"repeat","background-position":"center center","background-size":"auto","background-attachment":"scroll","background-type":"","background-media":"","overlay-type":"","overlay-color":"","overlay-opacity":"","overlay-gradient":""},"mobile":{"background-color":"","background-image":"","background-repeat":"repeat","background-position":"center center","background-size":"auto","background-attachment":"scroll","background-type":"","background-media":"","overlay-type":"","overlay-color":"","overlay-opacity":"","overlay-gradient":""}},"ast-content-background-meta":{"desktop":{"background-color":"var(--ast-global-color-5)","background-image":"","background-repeat":"repeat","background-position":"center center","background-size":"auto","background-attachment":"scroll","background-type":"","background-media":"","overlay-type":"","overlay-color":"","overlay-opacity":"","overlay-gradient":""},"tablet":{"background-color":"var(--ast-global-color-5)","background-image":"","background-repeat":"repeat","background-position":"center center","background-size":"auto","background-attachment":"scroll","background-type":"","background-media":"","overlay-type":"","overlay-color":"","overlay-opacity":"","overlay-gradient":""},"mobile":{"background-color":"var(--ast-global-color-5)","background-image":"","background-repeat":"repeat","background-position":"center center","background-size":"auto","background-attachment":"scroll","background-type":"","background-media":"","overlay-type":"","overlay-color":"","overlay-opacity":"","overlay-gradient":""}},"_ti_tpc_template_sync":false,"_ti_tpc_template_id":"","footnotes":""},"class_list":["post-104","page","type-page","status-publish","hentry"],"_links":{"self":[{"href":"https:\/\/www.letonnelet.com\/index.php\/wp-json\/wp\/v2\/pages\/104","targetHints":{"allow":["GET"]}}],"collection":[{"href":"https:\/\/www.letonnelet.com\/index.php\/wp-json\/wp\/v2\/pages"}],"about":[{"href":"https:\/\/www.letonnelet.com\/index.php\/wp-json\/wp\/v2\/types\/page"}],"author":[{"embeddable":true,"href":"https:\/\/www.letonnelet.com\/index.php\/wp-json\/wp\/v2\/users\/1"}],"replies":[{"embeddable":true,"href":"https:\/\/www.letonnelet.com\/index.php\/wp-json\/wp\/v2\/comments?post=104"}],"version-history":[{"count":22,"href":"https:\/\/www.letonnelet.com\/index.php\/wp-json\/wp\/v2\/pages\/104\/revisions"}],"predecessor-version":[{"id":529,"href":"https:\/\/www.letonnelet.com\/index.php\/wp-json\/wp\/v2\/pages\/104\/revisions\/529"}],"wp:attachment":[{"href":"https:\/\/www.letonnelet.com\/index.php\/wp-json\/wp\/v2\/media?parent=104"}],"curies":[{"name":"wp","href":"https:\/\/api.w.org\/{rel}","templated":true}]}}