{"id":138,"date":"2024-11-25T17:45:05","date_gmt":"2024-11-25T16:45:05","guid":{"rendered":"http:\/\/www.letonnelet.com\/?page_id=138"},"modified":"2026-04-14T18:14:40","modified_gmt":"2026-04-14T16:14:40","slug":"138-2","status":"publish","type":"page","link":"https:\/\/www.letonnelet.com\/index.php\/138-2\/","title":{"rendered":"Frappadingue"},"content":{"rendered":"\n<div class=\"wp-block-cover has-parallax is-repeated has-custom-content-position is-position-bottom-right wp-duotone-grayscale\"><div class=\"wp-block-cover__image-background wp-image-110 has-parallax is-repeated\" style=\"background-position:2% 0%;background-image:url(http:\/\/www.letonnelet.com\/wp-content\/uploads\/2024\/11\/frappadingue1-1024x682.jpg)\"><\/div><span aria-hidden=\"true\" class=\"wp-block-cover__background has-background-dim\"><\/span><div class=\"wp-block-cover__inner-container is-layout-constrained wp-block-cover-is-layout-constrained\">\n<p class=\"has-text-align-right has-text-color\" style=\"color:#bf883bb5;margin-top:0;margin-right:0;margin-bottom:0;margin-left:0;font-size:80px;line-height:1\"><strong>Frappadingue<\/strong><\/p>\n<\/div><\/div>\n\n\n\n<div class=\"wp-block-cover is-light has-custom-content-position is-position-top-left\" style=\"min-height:1125px;aspect-ratio:unset;\"><span aria-hidden=\"true\" class=\"wp-block-cover__background has-background-dim-0 has-background-dim\"><\/span><div class=\"wp-block-cover__inner-container is-layout-flow wp-block-cover-is-layout-flow\">\n<p class=\"has-text-align-center has-large-font-size\">Dur\u00e9e 45 minutes \/ \u00e0 partir de 6 ans<\/p>\n\n\n\n<p><em>Fran\u00e7ouille a le plaisir et l\u2019honneur de vous raconter l\u2019abracadabrante histoire du chevalier Frappadingue. Hum Hum: Le chevalier, \u00e0 la fiert\u00e9 d\u00e9bordante, accompagn\u00e9 de son \u00e9cuyer Fran\u00e7ouille, est \u00e0 la recherche d\u2019une donzelle, si possible en d\u00e9tresse, afin de l\u2019\u00e9pouser sur le champ. Malheureusement si le chevalier brille l\u2019\u00e9p\u00e9e \u00e0 la main, avec les donzelles, il ne sait pas y faire. Chaque sauvetage finit en fiasco. Et quel fiasco ! Afin de conjurer le mauvais sort, le chevalier Frappadingue s\u2019en va qu\u00e9rir l\u2019aide d\u2019une sombre sorci\u00e8re au fin fond d\u2019une for\u00eat. La magie op\u00e8re \u2026 et les voil\u00e0 mari et femme, laissant Fran\u00e7ouille seul et sans emploi.<\/em><\/p>\n\n\n\n<p><strong>C\u2019est au son de chansons originales que le personnage de Fran\u00e7ouille, l\u2019\u00e9cuyer, emporte le public dans un univers m\u00e9di\u00e9val farfelu, o\u00f9 se croisent un cheval sorti des Monty Python, des donzelles poup\u00e9es barbies, des d\u00e9cors faits de bric et de broc. Un seul com\u00e9dien pour une flop\u00e9e de personnages : le th\u00e9\u00e2tre d\u2019objets, les postures et les accessoires permettent \u00e0 l\u2019interpr\u00e8te de passer des uns aux autres et enrichissent ce spectacle d\u00e9cal\u00e9. Cette forme burlesque est tr\u00e8s adaptable : elle se joue en int\u00e9rieur ou en ext\u00e9rieur, devant une jauge r\u00e9duite ou grande. \u00ab Frappadingue \u00bb c\u2019est l\u2019histoire d\u2019un fabuleux fiasco qui finit en grande histoire d\u2019amour\u2026<\/strong><\/p>\n\n\n\n<div class=\"wp-block-buttons is-content-justification-center is-layout-flex wp-container-core-buttons-is-layout-a89b3969 wp-block-buttons-is-layout-flex\">\n<div class=\"wp-block-button\"><a class=\"wp-block-button__link wp-element-button\" href=\"http:\/\/www.letonnelet.com\/wp-content\/uploads\/2024\/11\/Frappadingue.pdf\">Dossier<\/a><\/div>\n<\/div>\n\n\n\n<p class=\"has-text-align-center\"><strong>Ecriture<\/strong> : Jean Faessel \/ <strong>Mise en sc\u00e8ne <\/strong>: cie Bas Les Pat\u2019Hibulaire \/ <strong>Jeu<\/strong> : Jean Faessel \/ <strong>Regard ext\u00e9rieur \u00e0 la mise en sc\u00e8ne<\/strong> : Anne Chabert (cie Rosebonbon) \/ <strong>Cr\u00e9ation lumi\u00e8re<\/strong> : Blaise Jacquemin \/ <strong>Costumes<\/strong> : Mandy Cadillon \/ <strong>Musique<\/strong> : Jean Faessel \/ <strong>D\u00e9cor<\/strong> : cie Bas les Pat\u2019Hibulaire<\/p>\n\n\n\n<p class=\"has-text-align-center has-small-font-size\">Avec le soutien de L&rsquo;AJ Pays de la Zorn, la ville de Brumath, ZAZI (Zone Artistique en Zone Industrielle), l&rsquo;Espace Malraux de Geispolsheim<\/p>\n\n\n\n<figure class=\"wp-block-embed is-type-video is-provider-youtube wp-block-embed-youtube wp-embed-aspect-16-9 wp-has-aspect-ratio\"><div class=\"wp-block-embed__wrapper\">\n<div class=\"ast-oembed-container \" style=\"height: 100%;\"><iframe loading=\"lazy\" title=\"frappadingue teaser\" width=\"500\" height=\"281\" src=\"https:\/\/www.youtube.com\/embed\/IxndUvHDQ2A?feature=oembed\" frameborder=\"0\" allow=\"accelerometer; autoplay; clipboard-write; encrypted-media; gyroscope; picture-in-picture; web-share\" referrerpolicy=\"strict-origin-when-cross-origin\" allowfullscreen><\/iframe><\/div>\n<\/div><\/figure>\n\n\n\n<figure class=\"wp-block-image aligncenter size-full wp-duotone-unset-1\"><img loading=\"lazy\" decoding=\"async\" width=\"670\" height=\"377\" src=\"http:\/\/www.letonnelet.com\/wp-content\/uploads\/2024\/11\/photo-site-edited.jpg\" alt=\"\" class=\"wp-image-226\" style=\"aspect-ratio:16\/9;object-fit:contain\" srcset=\"https:\/\/www.letonnelet.com\/wp-content\/uploads\/2024\/11\/photo-site-edited.jpg 670w, https:\/\/www.letonnelet.com\/wp-content\/uploads\/2024\/11\/photo-site-edited-300x169.jpg 300w\" sizes=\"auto, (max-width: 670px) 100vw, 670px\" \/><\/figure>\n\n\n\n<figure class=\"wp-block-image size-full\"><img loading=\"lazy\" decoding=\"async\" width=\"2362\" height=\"1450\" src=\"http:\/\/www.letonnelet.com\/wp-content\/uploads\/2024\/11\/frappadingue2-1.jpg\" alt=\"\" class=\"wp-image-222\" style=\"aspect-ratio:16\/9;object-fit:cover\" srcset=\"https:\/\/www.letonnelet.com\/wp-content\/uploads\/2024\/11\/frappadingue2-1.jpg 2362w, https:\/\/www.letonnelet.com\/wp-content\/uploads\/2024\/11\/frappadingue2-1-300x184.jpg 300w, https:\/\/www.letonnelet.com\/wp-content\/uploads\/2024\/11\/frappadingue2-1-1024x629.jpg 1024w, https:\/\/www.letonnelet.com\/wp-content\/uploads\/2024\/11\/frappadingue2-1-768x471.jpg 768w, https:\/\/www.letonnelet.com\/wp-content\/uploads\/2024\/11\/frappadingue2-1-1536x943.jpg 1536w, https:\/\/www.letonnelet.com\/wp-content\/uploads\/2024\/11\/frappadingue2-1-2048x1257.jpg 2048w\" sizes=\"auto, (max-width: 2362px) 100vw, 2362px\" \/><\/figure>\n<\/div><\/div>\n\n\n\n<p><\/p>\n","protected":false},"excerpt":{"rendered":"","protected":false},"author":1,"featured_media":0,"parent":0,"menu_order":0,"comment_status":"closed","ping_status":"closed","template":"","meta":{"site-sidebar-layout":"default","site-content-layout":"","ast-site-content-layout":"","site-content-style":"default","site-sidebar-style":"default","ast-global-header-display":"","ast-banner-title-visibility":"","ast-main-header-display":"","ast-hfb-above-header-display":"","ast-hfb-below-header-display":"","ast-hfb-mobile-header-display":"","site-post-title":"","ast-breadcrumbs-content":"","ast-featured-img":"","footer-sml-layout":"","theme-transparent-header-meta":"","adv-header-id-meta":"","stick-header-meta":"","header-above-stick-meta":"","header-main-stick-meta":"","header-below-stick-meta":"","astra-migrate-meta-layouts":"default","ast-page-background-enabled":"default","ast-page-background-meta":{"desktop":{"background-color":"var(--ast-global-color-4)","background-image":"","background-repeat":"repeat","background-position":"center center","background-size":"auto","background-attachment":"scroll","background-type":"","background-media":"","overlay-type":"","overlay-color":"","overlay-opacity":"","overlay-gradient":""},"tablet":{"background-color":"","background-image":"","background-repeat":"repeat","background-position":"center center","background-size":"auto","background-attachment":"scroll","background-type":"","background-media":"","overlay-type":"","overlay-color":"","overlay-opacity":"","overlay-gradient":""},"mobile":{"background-color":"","background-image":"","background-repeat":"repeat","background-position":"center center","background-size":"auto","background-attachment":"scroll","background-type":"","background-media":"","overlay-type":"","overlay-color":"","overlay-opacity":"","overlay-gradient":""}},"ast-content-background-meta":{"desktop":{"background-color":"var(--ast-global-color-5)","background-image":"","background-repeat":"repeat","background-position":"center center","background-size":"auto","background-attachment":"scroll","background-type":"","background-media":"","overlay-type":"","overlay-color":"","overlay-opacity":"","overlay-gradient":""},"tablet":{"background-color":"var(--ast-global-color-5)","background-image":"","background-repeat":"repeat","background-position":"center center","background-size":"auto","background-attachment":"scroll","background-type":"","background-media":"","overlay-type":"","overlay-color":"","overlay-opacity":"","overlay-gradient":""},"mobile":{"background-color":"var(--ast-global-color-5)","background-image":"","background-repeat":"repeat","background-position":"center center","background-size":"auto","background-attachment":"scroll","background-type":"","background-media":"","overlay-type":"","overlay-color":"","overlay-opacity":"","overlay-gradient":""}},"_ti_tpc_template_sync":false,"_ti_tpc_template_id":"","footnotes":""},"class_list":["post-138","page","type-page","status-publish","hentry"],"_links":{"self":[{"href":"https:\/\/www.letonnelet.com\/index.php\/wp-json\/wp\/v2\/pages\/138","targetHints":{"allow":["GET"]}}],"collection":[{"href":"https:\/\/www.letonnelet.com\/index.php\/wp-json\/wp\/v2\/pages"}],"about":[{"href":"https:\/\/www.letonnelet.com\/index.php\/wp-json\/wp\/v2\/types\/page"}],"author":[{"embeddable":true,"href":"https:\/\/www.letonnelet.com\/index.php\/wp-json\/wp\/v2\/users\/1"}],"replies":[{"embeddable":true,"href":"https:\/\/www.letonnelet.com\/index.php\/wp-json\/wp\/v2\/comments?post=138"}],"version-history":[{"count":25,"href":"https:\/\/www.letonnelet.com\/index.php\/wp-json\/wp\/v2\/pages\/138\/revisions"}],"predecessor-version":[{"id":624,"href":"https:\/\/www.letonnelet.com\/index.php\/wp-json\/wp\/v2\/pages\/138\/revisions\/624"}],"wp:attachment":[{"href":"https:\/\/www.letonnelet.com\/index.php\/wp-json\/wp\/v2\/media?parent=138"}],"curies":[{"name":"wp","href":"https:\/\/api.w.org\/{rel}","templated":true}]}}