{"id":152,"date":"2024-11-25T21:28:45","date_gmt":"2024-11-25T20:28:45","guid":{"rendered":"http:\/\/www.letonnelet.com\/?page_id=152"},"modified":"2026-03-12T11:30:54","modified_gmt":"2026-03-12T10:30:54","slug":"la-chasse-maudite-conte-dun-malgre-nous","status":"publish","type":"page","link":"https:\/\/www.letonnelet.com\/index.php\/la-chasse-maudite-conte-dun-malgre-nous\/","title":{"rendered":"La chasse maudite : conte d&rsquo;un malgr\u00e9-nous"},"content":{"rendered":"\n<div class=\"wp-block-cover has-parallax is-repeated has-custom-content-position is-position-bottom-right wp-duotone-grayscale\"><div class=\"wp-block-cover__image-background wp-image-162 has-parallax is-repeated\" style=\"background-position:50% 9%;background-image:url(http:\/\/www.letonnelet.com\/wp-content\/uploads\/2024\/11\/Letonneletlachassemaudite2.png)\"><\/div><span aria-hidden=\"true\" class=\"wp-block-cover__background has-background-dim\" style=\"background-color:#161412\"><\/span><div class=\"wp-block-cover__inner-container is-layout-constrained wp-block-cover-is-layout-constrained\">\n<p class=\"has-text-align-right has-text-color\" style=\"color:#8c1212ba;margin-top:0;margin-right:0;margin-bottom:0;margin-left:0;font-size:80px;letter-spacing:-3px;line-height:1\"><strong>LA CHASSE MAUDITE :<\/strong><\/p>\n\n\n\n<p class=\"has-text-align-right has-text-color\" style=\"color:#8c1212ba;margin-top:0;margin-right:0;margin-bottom:0;margin-left:0;font-size:70px;letter-spacing:-3px;line-height:0.6\"> conte d&rsquo;un malgr\u00e9-nous<\/p>\n<\/div><\/div>\n\n\n\n<div class=\"wp-block-cover is-light is-repeated has-custom-content-position is-position-top-left has-aspect-ratio\" style=\"min-height:1082px;aspect-ratio:auto;min-height:unset;\"><div class=\"wp-block-cover__image-background wp-image-157 is-repeated\" style=\"background-position:96% 57%;background-image:url(http:\/\/www.letonnelet.com\/wp-content\/uploads\/2024\/11\/La-chasse-maudite-College-et-lycee.png)\"><\/div><span aria-hidden=\"true\" class=\"wp-block-cover__background has-background-dim-60 has-background-dim\" style=\"background-color:#fbf8f8\"><\/span><div class=\"wp-block-cover__inner-container is-layout-flow wp-container-core-cover-is-layout-a77db08e wp-block-cover-is-layout-flow\">\n<p class=\"has-text-align-center has-large-font-size\">Dur\u00e9e 45 minutes \/ \u00e0 partir de 9 ans<\/p>\n\n\n\n<p style=\"margin-right:0;margin-left:0\"><em>Jean joue \u00e0 la guerre contre les nazis avec son grand-p\u00e8re alsacien et raconteur d\u2019histoires, Fran\u00e7ois. Jean adore \u00e9couter son grand-p\u00e8re. Un jour, il d\u00e9couvre une bo\u00eete, dans laquelle se trouvent de vieux documents nazis. Sur plusieurs d\u2019entre eux, il reconna\u00eet la photo de son papi. Jean s\u2019empresse d\u2019aller le voir pour lui demander si c\u2019est un nazi, mais Fran\u00e7ois lui r\u00e9pond par un conte : la chasse maudite. Un jour de f\u00eate celte, le comte Wagner, brutal et despotique, d\u00e9cide de partir chasser le cerf blanc. Wagner est pr\u00eat \u00e0 tout pour obtenir son troph\u00e9e. Il devient maudit et m\u00e8ne une chasse infernale \u00e9ternelle. Gare \u00e0 celui qui, les soirs d\u2019orage, l\u2019aper\u00e7oit, \u00e0 son grand malheur, il est entra\u00een\u00e9 dans la chasse maudite.<\/em><\/p>\n\n\n\n<p><strong>LA CHASSE MAUDITE, Conte d\u2019un Malgr\u00e9-nous, mise en sc\u00e8ne par L\u00e9na\u00efc Eberlin et racont\u00e9e par Jean Faessel, est un r\u00e9cit mythique et universel. Il narre la relation d\u2019un petit fils et de son papy qui a v\u00e9cu la guerre, il conte aussi la cosmogonie et la mythologie alsacienne, les croyances pa\u00efennes, le dieu cerf, les cigognes, l\u2019uniforme vert-de-gris maudit de la wehrmacht et ceux qui, de force, l\u2019ont port\u00e9 et ont \u00e9t\u00e9 emport\u00e9s dans cette chasse infernale. Ils \u00e9taient 130 000 et on estime que 40 000 ne sont jamais rentr\u00e9s. Ce spectacle raconte le tabou d\u2019une g\u00e9n\u00e9ration d\u2019Alsaciens incorpor\u00e9e de force dans l\u2019arm\u00e9e nazie. Il s\u2019inspire de la culture alsacienne au travers de plusieurs contes traditionnels.<\/strong><\/p>\n\n\n\n<div class=\"wp-block-buttons is-content-justification-center is-layout-flex wp-container-core-buttons-is-layout-a89b3969 wp-block-buttons-is-layout-flex\" style=\"line-height:2.2\">\n<div class=\"wp-block-button\"><a class=\"wp-block-button__link wp-element-button\" href=\"http:\/\/www.letonnelet.com\/wp-content\/uploads\/2026\/03\/La-chasse-maudite.pdf\" style=\"line-height:2\">Dossier<\/a><\/div>\n<\/div>\n\n\n\n<p><\/p>\n\n\n\n<p class=\"has-text-align-center\"><strong>Ecriture<\/strong> : Jean Faessel \/ <strong>Mise en sc\u00e8ne <\/strong>: L\u00e9na\u00efc Eberlin \/ <strong>Jeu<\/strong> : Jean Faessel <\/p>\n\n\n\n<p class=\"has-text-align-center has-small-font-size\">Avec le soutien de l&rsquo;AJ Pays de la Zorn<\/p>\n\n\n\n<figure class=\"wp-block-embed is-type-video is-provider-youtube wp-block-embed-youtube wp-embed-aspect-16-9 wp-has-aspect-ratio\"><div class=\"wp-block-embed__wrapper\">\n<div class=\"ast-oembed-container \" style=\"height: 100%;\"><iframe loading=\"lazy\" title=\"La chasse Maudite : conte d&#039;un malgr\u00e9-nous Teaser\" width=\"500\" height=\"281\" src=\"https:\/\/www.youtube.com\/embed\/gufGNRFiKhI?feature=oembed\" frameborder=\"0\" allow=\"accelerometer; autoplay; clipboard-write; encrypted-media; gyroscope; picture-in-picture; web-share\" referrerpolicy=\"strict-origin-when-cross-origin\" allowfullscreen><\/iframe><\/div>\n<\/div><\/figure>\n\n\n\n<figure class=\"wp-block-image aligncenter size-large is-resized wp-duotone-unset-1\"><img loading=\"lazy\" decoding=\"async\" width=\"1024\" height=\"1024\" src=\"http:\/\/www.letonnelet.com\/wp-content\/uploads\/2024\/11\/Letonneletlachassemaudite3-1024x1024.png\" alt=\"\" class=\"wp-image-156\" style=\"aspect-ratio:1.7777777777777777;object-fit:contain;width:615px;height:auto\" srcset=\"https:\/\/www.letonnelet.com\/wp-content\/uploads\/2024\/11\/Letonneletlachassemaudite3-1024x1024.png 1024w, https:\/\/www.letonnelet.com\/wp-content\/uploads\/2024\/11\/Letonneletlachassemaudite3-300x300.png 300w, https:\/\/www.letonnelet.com\/wp-content\/uploads\/2024\/11\/Letonneletlachassemaudite3-150x150.png 150w, https:\/\/www.letonnelet.com\/wp-content\/uploads\/2024\/11\/Letonneletlachassemaudite3-768x768.png 768w, https:\/\/www.letonnelet.com\/wp-content\/uploads\/2024\/11\/Letonneletlachassemaudite3-1536x1536.png 1536w, https:\/\/www.letonnelet.com\/wp-content\/uploads\/2024\/11\/Letonneletlachassemaudite3-2048x2048.png 2048w\" sizes=\"auto, (max-width: 1024px) 100vw, 1024px\" \/><\/figure>\n\n\n\n<figure class=\"wp-block-image aligncenter size-full\"><img loading=\"lazy\" decoding=\"async\" width=\"2100\" height=\"2100\" src=\"http:\/\/www.letonnelet.com\/wp-content\/uploads\/2024\/11\/Letonneletlachassemaudite1.png\" alt=\"\" class=\"wp-image-41\" style=\"aspect-ratio:16\/9;object-fit:contain\" srcset=\"https:\/\/www.letonnelet.com\/wp-content\/uploads\/2024\/11\/Letonneletlachassemaudite1.png 2100w, https:\/\/www.letonnelet.com\/wp-content\/uploads\/2024\/11\/Letonneletlachassemaudite1-300x300.png 300w, https:\/\/www.letonnelet.com\/wp-content\/uploads\/2024\/11\/Letonneletlachassemaudite1-1024x1024.png 1024w, https:\/\/www.letonnelet.com\/wp-content\/uploads\/2024\/11\/Letonneletlachassemaudite1-150x150.png 150w, https:\/\/www.letonnelet.com\/wp-content\/uploads\/2024\/11\/Letonneletlachassemaudite1-768x768.png 768w, https:\/\/www.letonnelet.com\/wp-content\/uploads\/2024\/11\/Letonneletlachassemaudite1-1536x1536.png 1536w, https:\/\/www.letonnelet.com\/wp-content\/uploads\/2024\/11\/Letonneletlachassemaudite1-2048x2048.png 2048w\" sizes=\"auto, (max-width: 2100px) 100vw, 2100px\" \/><\/figure>\n<\/div><\/div>\n\n\n\n<p><\/p>\n","protected":false},"excerpt":{"rendered":"","protected":false},"author":1,"featured_media":0,"parent":0,"menu_order":0,"comment_status":"closed","ping_status":"closed","template":"","meta":{"site-sidebar-layout":"default","site-content-layout":"","ast-site-content-layout":"","site-content-style":"default","site-sidebar-style":"default","ast-global-header-display":"","ast-banner-title-visibility":"","ast-main-header-display":"","ast-hfb-above-header-display":"","ast-hfb-below-header-display":"","ast-hfb-mobile-header-display":"","site-post-title":"","ast-breadcrumbs-content":"","ast-featured-img":"","footer-sml-layout":"","theme-transparent-header-meta":"","adv-header-id-meta":"","stick-header-meta":"","header-above-stick-meta":"","header-main-stick-meta":"","header-below-stick-meta":"","astra-migrate-meta-layouts":"default","ast-page-background-enabled":"default","ast-page-background-meta":{"desktop":{"background-color":"var(--ast-global-color-4)","background-image":"","background-repeat":"repeat","background-position":"center center","background-size":"auto","background-attachment":"scroll","background-type":"","background-media":"","overlay-type":"","overlay-color":"","overlay-opacity":"","overlay-gradient":""},"tablet":{"background-color":"","background-image":"","background-repeat":"repeat","background-position":"center center","background-size":"auto","background-attachment":"scroll","background-type":"","background-media":"","overlay-type":"","overlay-color":"","overlay-opacity":"","overlay-gradient":""},"mobile":{"background-color":"","background-image":"","background-repeat":"repeat","background-position":"center center","background-size":"auto","background-attachment":"scroll","background-type":"","background-media":"","overlay-type":"","overlay-color":"","overlay-opacity":"","overlay-gradient":""}},"ast-content-background-meta":{"desktop":{"background-color":"var(--ast-global-color-5)","background-image":"","background-repeat":"repeat","background-position":"center center","background-size":"auto","background-attachment":"scroll","background-type":"","background-media":"","overlay-type":"","overlay-color":"","overlay-opacity":"","overlay-gradient":""},"tablet":{"background-color":"var(--ast-global-color-5)","background-image":"","background-repeat":"repeat","background-position":"center center","background-size":"auto","background-attachment":"scroll","background-type":"","background-media":"","overlay-type":"","overlay-color":"","overlay-opacity":"","overlay-gradient":""},"mobile":{"background-color":"var(--ast-global-color-5)","background-image":"","background-repeat":"repeat","background-position":"center center","background-size":"auto","background-attachment":"scroll","background-type":"","background-media":"","overlay-type":"","overlay-color":"","overlay-opacity":"","overlay-gradient":""}},"_ti_tpc_template_sync":false,"_ti_tpc_template_id":"","footnotes":""},"class_list":["post-152","page","type-page","status-publish","hentry"],"_links":{"self":[{"href":"https:\/\/www.letonnelet.com\/index.php\/wp-json\/wp\/v2\/pages\/152","targetHints":{"allow":["GET"]}}],"collection":[{"href":"https:\/\/www.letonnelet.com\/index.php\/wp-json\/wp\/v2\/pages"}],"about":[{"href":"https:\/\/www.letonnelet.com\/index.php\/wp-json\/wp\/v2\/types\/page"}],"author":[{"embeddable":true,"href":"https:\/\/www.letonnelet.com\/index.php\/wp-json\/wp\/v2\/users\/1"}],"replies":[{"embeddable":true,"href":"https:\/\/www.letonnelet.com\/index.php\/wp-json\/wp\/v2\/comments?post=152"}],"version-history":[{"count":27,"href":"https:\/\/www.letonnelet.com\/index.php\/wp-json\/wp\/v2\/pages\/152\/revisions"}],"predecessor-version":[{"id":536,"href":"https:\/\/www.letonnelet.com\/index.php\/wp-json\/wp\/v2\/pages\/152\/revisions\/536"}],"wp:attachment":[{"href":"https:\/\/www.letonnelet.com\/index.php\/wp-json\/wp\/v2\/media?parent=152"}],"curies":[{"name":"wp","href":"https:\/\/api.w.org\/{rel}","templated":true}]}}