{"id":164,"date":"2024-11-25T21:57:47","date_gmt":"2024-11-25T20:57:47","guid":{"rendered":"http:\/\/www.letonnelet.com\/?page_id=164"},"modified":"2026-04-06T22:05:38","modified_gmt":"2026-04-06T20:05:38","slug":"les-torches-de-la-liberte","status":"publish","type":"page","link":"https:\/\/www.letonnelet.com\/index.php\/les-torches-de-la-liberte\/","title":{"rendered":"Ed_b\u018e, l&rsquo;ultime manipulation"},"content":{"rendered":"\n<div class=\"wp-block-cover is-light has-parallax has-custom-content-position is-position-bottom-center wp-duotone-grayscale\"><div class=\"wp-block-cover__image-background wp-image-602 size-full has-parallax\" style=\"background-position:50% 50%;background-image:url(http:\/\/www.letonnelet.com\/wp-content\/uploads\/2026\/04\/Capture-decran-2025-12-08-a-13.02.20-scaled-e1775503021566.png)\"><\/div><span aria-hidden=\"true\" class=\"wp-block-cover__background has-background-dim\" style=\"background-color:#FFF\"><\/span><div class=\"wp-block-cover__inner-container is-layout-constrained wp-block-cover-is-layout-constrained\">\n<p class=\"has-text-align-right has-text-color\" style=\"color:#ffffffa1;margin-top:0;margin-right:0;margin-bottom:0;margin-left:0;font-size:80px;letter-spacing:-3px;line-height:0.6\"><strong><strong>Ed_b\u018e<\/strong><\/strong><\/p>\n<\/div><\/div>\n\n\n\n<div class=\"wp-block-cover is-light\" style=\"min-height:1083px;aspect-ratio:unset;\"><img loading=\"lazy\" decoding=\"async\" width=\"1414\" height=\"2000\" class=\"wp-block-cover__image-background wp-image-170\" alt=\"\" src=\"http:\/\/www.letonnelet.com\/wp-content\/uploads\/2024\/11\/Dossier-Les-Torches-de-la-liberte.png\" data-object-fit=\"cover\" srcset=\"https:\/\/www.letonnelet.com\/wp-content\/uploads\/2024\/11\/Dossier-Les-Torches-de-la-liberte.png 1414w, https:\/\/www.letonnelet.com\/wp-content\/uploads\/2024\/11\/Dossier-Les-Torches-de-la-liberte-212x300.png 212w, https:\/\/www.letonnelet.com\/wp-content\/uploads\/2024\/11\/Dossier-Les-Torches-de-la-liberte-724x1024.png 724w, https:\/\/www.letonnelet.com\/wp-content\/uploads\/2024\/11\/Dossier-Les-Torches-de-la-liberte-768x1086.png 768w, https:\/\/www.letonnelet.com\/wp-content\/uploads\/2024\/11\/Dossier-Les-Torches-de-la-liberte-1086x1536.png 1086w\" sizes=\"auto, (max-width: 1414px) 100vw, 1414px\" \/><span aria-hidden=\"true\" class=\"wp-block-cover__background has-white-background-color has-background-dim\"><\/span><div class=\"wp-block-cover__inner-container is-layout-constrained wp-block-cover-is-layout-constrained\">\n<p class=\"has-text-align-center has-large-font-size\">Dur\u00e9e 1h \/ \u00e0 partir de 13 ans<\/p>\n\n\n\n<p><em>Ed_b\u018e est le fant\u00f4me d\u2019Edward Bernays, le fondateur de l\u2019industrie des relations publiques, une industrie de manipulation de masse. Il ne dispara\u00eet pas comme la plupart des autres morts, il vous attend dans le sas, l\u2019antichambre entre votre monde et le sien.<\/em> Il partage son r\u00eave. Il se voit cowboy, au milieu du d\u00e9sert, seul face \u00e0 la horde sauvage, des milliards de desperados qui chargent \u00e0 bride abattue.<\/p>\n\n\n\n<p>Ed_b\u018e entame une psychanalyse post-mortem sous le regard expert de son oncle Sigmund Freud. Il travaille son r\u00eave. Il cherche la horde sauvage. Il parcourt le monde \u00e0 travers le wifi et observe. Chaque jour, des multitudes de donn\u00e9es s\u2019\u00e9chappent des quelque 30 milliards d&rsquo;objets connect\u00e9s. Ed_b\u018e les suit et se retrouve dans un data center, lieu de stockage des donn\u00e9es massives. C\u2019est l\u00e0 qu&rsquo;il vous reconna\u00eetra, qu\u2019il reconna\u00eetra la horde sauvage et qu\u2019il pourra travailler son r\u00eave.<\/p>\n\n\n\n<p>Ed_b\u018e vous plonge au plus profond de votre inconscient. Il vous questionne, vous manipule et joue avec les faiblesses de vos cerveaux. Mus librement par votre curiosit\u00e9, vous entrez dans son jeu. Mais pas d\u2019inqui\u00e9tude, vous \u00eates entre de bonnes mains.<\/p>\n\n\n\n<div class=\"wp-block-buttons is-content-justification-center is-layout-flex wp-container-core-buttons-is-layout-a89b3969 wp-block-buttons-is-layout-flex\">\n<div class=\"wp-block-button\"><a class=\"wp-block-button__link wp-element-button\" href=\"http:\/\/www.letonnelet.com\/wp-content\/uploads\/2025\/11\/Dossier-Ed_b\u018e.pdf\">Dossier<\/a><\/div>\n\n\n\n<div class=\"wp-block-button\"><a class=\"wp-block-button__link wp-element-button\" href=\"http:\/\/www.letonnelet.com\/index.php\/2025\/07\/10\/440\/\">Ressource p\u00e9dagogique<\/a><\/div>\n<\/div>\n\n\n\n<p><strong>Ecriture<\/strong> <strong>et jeu<\/strong> : Jean Faessel \/ <strong>Mise en sc\u00e8ne et aide \u00e0 l&rsquo;\u00e9criture <\/strong>: J\u00e9r\u00f4me Rousselet \/ <strong>Regard ext\u00e9rieur \u00e0 la dramaturgie<\/strong> : Victor Kopp et Normand Baillargeon \/ <strong>Costumes<\/strong> : Mandy Cadillon \/ <strong>Musique<\/strong> : Philippe Rieger \/ <strong>D\u00e9cor<\/strong> : Le Tonnelet<\/p>\n\n\n\n<p class=\"has-text-align-center has-small-font-size\">Coproduction et accueil en r\u00e9sidence : l&rsquo;AJ Pays de la Zorn, l&rsquo;Espace Malraux de Geispolsheim.<\/p>\n\n\n\n<p class=\"has-text-align-center has-small-font-size\">Accueil en r\u00e9sidence : la salle du cercle, la mairie de Hochfelden, le th\u00e9\u00e2tre de Langres, la MJC le Vivarium.<\/p>\n\n\n\n<p class=\"has-text-align-center has-small-font-size\">Soutien financier : l&rsquo;eurom\u00e9tropole de Strasbourg, La CEA, La mairie de Wingersheim les 4 Bans <\/p>\n\n\n\n<p class=\"has-text-align-center has-small-font-size\">Soutien : la coop\u00e9rative d&rsquo;\u00e9ducation populaire La Braise<\/p>\n\n\n\n<figure class=\"wp-block-embed is-type-video is-provider-youtube wp-block-embed-youtube wp-embed-aspect-16-9 wp-has-aspect-ratio\"><div class=\"wp-block-embed__wrapper\">\n<div class=\"ast-oembed-container \" style=\"height: 100%;\"><iframe loading=\"lazy\" title=\"Ed_bE l&#039;ultime manipulation TEASER\" width=\"500\" height=\"281\" src=\"https:\/\/www.youtube.com\/embed\/tIAdh4hFgmU?feature=oembed\" frameborder=\"0\" allow=\"accelerometer; autoplay; clipboard-write; encrypted-media; gyroscope; picture-in-picture; web-share\" referrerpolicy=\"strict-origin-when-cross-origin\" allowfullscreen><\/iframe><\/div>\n<\/div><\/figure>\n\n\n\n<figure class=\"wp-block-image aligncenter size-large is-resized is-style-default\"><img loading=\"lazy\" decoding=\"async\" width=\"1024\" height=\"571\" src=\"http:\/\/www.letonnelet.com\/wp-content\/uploads\/2026\/04\/Capture-decran-2025-12-08-a-13.17.37-scaled-e1775503069923-1024x571.png\" alt=\"\" class=\"wp-image-603\" style=\"aspect-ratio:1.7777777777777777;object-fit:cover;width:796px;height:auto\" srcset=\"https:\/\/www.letonnelet.com\/wp-content\/uploads\/2026\/04\/Capture-decran-2025-12-08-a-13.17.37-scaled-e1775503069923-1024x571.png 1024w, https:\/\/www.letonnelet.com\/wp-content\/uploads\/2026\/04\/Capture-decran-2025-12-08-a-13.17.37-scaled-e1775503069923-300x167.png 300w, https:\/\/www.letonnelet.com\/wp-content\/uploads\/2026\/04\/Capture-decran-2025-12-08-a-13.17.37-scaled-e1775503069923-768x428.png 768w, https:\/\/www.letonnelet.com\/wp-content\/uploads\/2026\/04\/Capture-decran-2025-12-08-a-13.17.37-scaled-e1775503069923-1536x857.png 1536w, https:\/\/www.letonnelet.com\/wp-content\/uploads\/2026\/04\/Capture-decran-2025-12-08-a-13.17.37-scaled-e1775503069923-2048x1142.png 2048w\" sizes=\"auto, (max-width: 1024px) 100vw, 1024px\" \/><\/figure>\n\n\n\n<figure class=\"wp-block-gallery has-nested-images columns-default is-cropped wp-block-gallery-1 is-layout-flex wp-block-gallery-is-layout-flex\">\n<figure class=\"wp-block-image size-large\"><img loading=\"lazy\" decoding=\"async\" width=\"1024\" height=\"567\" data-id=\"606\" src=\"https:\/\/www.letonnelet.com\/wp-content\/uploads\/2026\/04\/Capture-decran-2025-12-08-a-13.03.31-scaled-e1775503186316-1024x567.png\" alt=\"\" class=\"wp-image-606\" srcset=\"https:\/\/www.letonnelet.com\/wp-content\/uploads\/2026\/04\/Capture-decran-2025-12-08-a-13.03.31-scaled-e1775503186316-1024x567.png 1024w, https:\/\/www.letonnelet.com\/wp-content\/uploads\/2026\/04\/Capture-decran-2025-12-08-a-13.03.31-scaled-e1775503186316-300x166.png 300w, https:\/\/www.letonnelet.com\/wp-content\/uploads\/2026\/04\/Capture-decran-2025-12-08-a-13.03.31-scaled-e1775503186316-768x425.png 768w, https:\/\/www.letonnelet.com\/wp-content\/uploads\/2026\/04\/Capture-decran-2025-12-08-a-13.03.31-scaled-e1775503186316-1536x851.png 1536w, https:\/\/www.letonnelet.com\/wp-content\/uploads\/2026\/04\/Capture-decran-2025-12-08-a-13.03.31-scaled-e1775503186316-2048x1134.png 2048w\" sizes=\"auto, (max-width: 1024px) 100vw, 1024px\" \/><\/figure>\n\n\n\n<figure class=\"wp-block-image size-large\"><img loading=\"lazy\" decoding=\"async\" width=\"1024\" height=\"575\" data-id=\"604\" src=\"https:\/\/www.letonnelet.com\/wp-content\/uploads\/2026\/04\/Capture-decran-2025-12-08-a-13.07.50-scaled-e1775503109276-1024x575.png\" alt=\"\" class=\"wp-image-604\" srcset=\"https:\/\/www.letonnelet.com\/wp-content\/uploads\/2026\/04\/Capture-decran-2025-12-08-a-13.07.50-scaled-e1775503109276-1024x575.png 1024w, https:\/\/www.letonnelet.com\/wp-content\/uploads\/2026\/04\/Capture-decran-2025-12-08-a-13.07.50-scaled-e1775503109276-300x168.png 300w, https:\/\/www.letonnelet.com\/wp-content\/uploads\/2026\/04\/Capture-decran-2025-12-08-a-13.07.50-scaled-e1775503109276-768x431.png 768w, https:\/\/www.letonnelet.com\/wp-content\/uploads\/2026\/04\/Capture-decran-2025-12-08-a-13.07.50-scaled-e1775503109276-1536x862.png 1536w, https:\/\/www.letonnelet.com\/wp-content\/uploads\/2026\/04\/Capture-decran-2025-12-08-a-13.07.50-scaled-e1775503109276-2048x1149.png 2048w\" sizes=\"auto, (max-width: 1024px) 100vw, 1024px\" \/><\/figure>\n\n\n\n<figure class=\"wp-block-image size-large\"><img loading=\"lazy\" decoding=\"async\" width=\"1024\" height=\"573\" data-id=\"605\" src=\"https:\/\/www.letonnelet.com\/wp-content\/uploads\/2026\/04\/Capture-decran-2025-12-08-a-13.04.08-scaled-e1775503150515-1024x573.png\" alt=\"\" class=\"wp-image-605\" srcset=\"https:\/\/www.letonnelet.com\/wp-content\/uploads\/2026\/04\/Capture-decran-2025-12-08-a-13.04.08-scaled-e1775503150515-1024x573.png 1024w, https:\/\/www.letonnelet.com\/wp-content\/uploads\/2026\/04\/Capture-decran-2025-12-08-a-13.04.08-scaled-e1775503150515-300x168.png 300w, https:\/\/www.letonnelet.com\/wp-content\/uploads\/2026\/04\/Capture-decran-2025-12-08-a-13.04.08-scaled-e1775503150515-768x430.png 768w, https:\/\/www.letonnelet.com\/wp-content\/uploads\/2026\/04\/Capture-decran-2025-12-08-a-13.04.08-scaled-e1775503150515-1536x860.png 1536w, https:\/\/www.letonnelet.com\/wp-content\/uploads\/2026\/04\/Capture-decran-2025-12-08-a-13.04.08-scaled-e1775503150515-2048x1147.png 2048w\" sizes=\"auto, (max-width: 1024px) 100vw, 1024px\" \/><\/figure>\n<\/figure>\n<\/div><\/div>\n\n\n\n<p><\/p>\n","protected":false},"excerpt":{"rendered":"","protected":false},"author":1,"featured_media":0,"parent":0,"menu_order":0,"comment_status":"closed","ping_status":"closed","template":"","meta":{"site-sidebar-layout":"default","site-content-layout":"","ast-site-content-layout":"","site-content-style":"default","site-sidebar-style":"default","ast-global-header-display":"","ast-banner-title-visibility":"","ast-main-header-display":"","ast-hfb-above-header-display":"","ast-hfb-below-header-display":"","ast-hfb-mobile-header-display":"","site-post-title":"","ast-breadcrumbs-content":"","ast-featured-img":"","footer-sml-layout":"","theme-transparent-header-meta":"","adv-header-id-meta":"","stick-header-meta":"","header-above-stick-meta":"","header-main-stick-meta":"","header-below-stick-meta":"","astra-migrate-meta-layouts":"default","ast-page-background-enabled":"default","ast-page-background-meta":{"desktop":{"background-color":"var(--ast-global-color-4)","background-image":"","background-repeat":"repeat","background-position":"center center","background-size":"auto","background-attachment":"scroll","background-type":"","background-media":"","overlay-type":"","overlay-color":"","overlay-opacity":"","overlay-gradient":""},"tablet":{"background-color":"","background-image":"","background-repeat":"repeat","background-position":"center center","background-size":"auto","background-attachment":"scroll","background-type":"","background-media":"","overlay-type":"","overlay-color":"","overlay-opacity":"","overlay-gradient":""},"mobile":{"background-color":"","background-image":"","background-repeat":"repeat","background-position":"center center","background-size":"auto","background-attachment":"scroll","background-type":"","background-media":"","overlay-type":"","overlay-color":"","overlay-opacity":"","overlay-gradient":""}},"ast-content-background-meta":{"desktop":{"background-color":"var(--ast-global-color-5)","background-image":"","background-repeat":"repeat","background-position":"center center","background-size":"auto","background-attachment":"scroll","background-type":"","background-media":"","overlay-type":"","overlay-color":"","overlay-opacity":"","overlay-gradient":""},"tablet":{"background-color":"var(--ast-global-color-5)","background-image":"","background-repeat":"repeat","background-position":"center center","background-size":"auto","background-attachment":"scroll","background-type":"","background-media":"","overlay-type":"","overlay-color":"","overlay-opacity":"","overlay-gradient":""},"mobile":{"background-color":"var(--ast-global-color-5)","background-image":"","background-repeat":"repeat","background-position":"center center","background-size":"auto","background-attachment":"scroll","background-type":"","background-media":"","overlay-type":"","overlay-color":"","overlay-opacity":"","overlay-gradient":""}},"_ti_tpc_template_sync":false,"_ti_tpc_template_id":"","footnotes":""},"class_list":["post-164","page","type-page","status-publish","hentry"],"_links":{"self":[{"href":"https:\/\/www.letonnelet.com\/index.php\/wp-json\/wp\/v2\/pages\/164","targetHints":{"allow":["GET"]}}],"collection":[{"href":"https:\/\/www.letonnelet.com\/index.php\/wp-json\/wp\/v2\/pages"}],"about":[{"href":"https:\/\/www.letonnelet.com\/index.php\/wp-json\/wp\/v2\/types\/page"}],"author":[{"embeddable":true,"href":"https:\/\/www.letonnelet.com\/index.php\/wp-json\/wp\/v2\/users\/1"}],"replies":[{"embeddable":true,"href":"https:\/\/www.letonnelet.com\/index.php\/wp-json\/wp\/v2\/comments?post=164"}],"version-history":[{"count":27,"href":"https:\/\/www.letonnelet.com\/index.php\/wp-json\/wp\/v2\/pages\/164\/revisions"}],"predecessor-version":[{"id":611,"href":"https:\/\/www.letonnelet.com\/index.php\/wp-json\/wp\/v2\/pages\/164\/revisions\/611"}],"wp:attachment":[{"href":"https:\/\/www.letonnelet.com\/index.php\/wp-json\/wp\/v2\/media?parent=164"}],"curies":[{"name":"wp","href":"https:\/\/api.w.org\/{rel}","templated":true}]}}