{"id":76,"date":"2024-11-18T23:08:39","date_gmt":"2024-11-18T22:08:39","guid":{"rendered":"http:\/\/www.letonnelet.com\/?page_id=76"},"modified":"2026-04-14T15:28:27","modified_gmt":"2026-04-14T13:28:27","slug":"le-tonnelet-2","status":"publish","type":"page","link":"https:\/\/www.letonnelet.com\/index.php\/le-tonnelet-2\/","title":{"rendered":"Le Tonnelet"},"content":{"rendered":"\n<p class=\"has-ast-global-color-2-color has-text-color has-link-color has-medium-font-size wp-elements-6e1713167ed692f4cf4eb069acb53aa3\">Fabrique artisanale de th\u00e9\u00e2tre et d&rsquo;autres curiosit\u00e9s<\/p>\n\n\n\n<div class=\"wp-block-media-text alignfull has-media-on-the-right is-vertically-aligned-center is-style-default\" style=\"border-style:none;border-width:0px;border-radius:0px;margin-right:var(--wp--preset--spacing--20);margin-left:var(--wp--preset--spacing--20);padding-top:0;padding-bottom:0;grid-template-columns:auto 22%\"><div class=\"wp-block-media-text__content\">\n<p class=\"has-text-color\" style=\"color:#636363;font-size:17px;line-height:1.1\"><strong>Apr\u00e8s avoir fond\u00e9 la compagnie Bas Les Pat\u2019Hibulaire et y avoir invent\u00e9 et jou\u00e9 des spectacles pendant 14 ans, Jean Faessel cr\u00e9e le Tonnelet, fabrique artisanale de th\u00e9\u00e2tre et de bien d\u2019autres curiosit\u00e9s.<\/strong><\/p>\n\n\n\n<p class=\"has-ast-global-color-1-color has-text-color has-link-color wp-elements-893e4c99293437f29d82a69cc8374153\" style=\"font-size:17px;line-height:1.1\">Dans le Tonnelet, on concocte une potion d\u2019espoir, on presse un jus de r\u00eave, on met au point un \u00e9lixir d\u2019imagination. Go\u00fbter ce nectar, c\u2019est chercher \u00e0 donner un sens \u00e0 nos vies, c\u2019est essayer de dig\u00e9rer et de comprendre le monde. Dans le Tonnelet, on cuisine, lentement et avec amour, des spectacles fait maison et fait main. On cherche \u00e0 \u00e9mouvoir les papilles, \u00e0 surprendre le palet et vous mettre l\u2019eau \u00e0 la bouche. On change les \u00e9pices, les odeurs et les saveurs en fonction des saisons, des envies et des humeurs.<\/p>\n\n\n\n<p class=\"has-ast-global-color-1-color has-text-color has-link-color wp-elements-c89cd14e33428a8e9cb98329ceaf9431\" style=\"font-size:17px;line-height:1.1\">Voici la recette du Tonnelet : une pinc\u00e9e d\u2019envie, un soup\u00e7on d\u2019id\u00e9e, une pointe de collaboration et un zest d\u2019\u00e9change avec le public. Pour la pr\u00e9paration, ramassez des id\u00e9es bien m\u00fbres, saines et bio. Laissez-les mac\u00e9rer quelque temps, au frais, dans le Tonnelet. Lorsqu&rsquo;elles sont \u00e0 point, faites les bouillir en ajoutant une bonne dose d\u2019envie, de complicit\u00e9 et d\u2019essais devant public. Secouez le tout, laissez refroidir et vous obtenez un jus th\u00e9\u00e2tral.<\/p>\n\n\n\n<p class=\"has-ast-global-color-0-color has-text-color has-link-color wp-elements-faf2e4b281bf77c74bb9b5a7b33255ac\" style=\"font-size:17px;line-height:1.1\">La compagnie Le Tonnelet est une compagnie de spectacle professionnel. Elle propose des spectacles sobres, bas\u00e9 sur un texte et du jeu, \u00e0 la technique l\u00e9g\u00e8re, afin d&rsquo;\u00eatre adaptable partout, m\u00eame en milieu scolaire. La compagnie souhaite garder la possibilit\u00e9 de diffuser ses spectacles dans des lieux non adapt\u00e9 ou non \u00e9quip\u00e9 pour que tous les publics puissent profiter du th\u00e9\u00e2tre et du spectacle vivant.<\/p>\n<\/div><figure class=\"wp-block-media-text__media\"><img loading=\"lazy\" decoding=\"async\" width=\"1024\" height=\"1024\" src=\"http:\/\/www.letonnelet.com\/wp-content\/uploads\/2024\/11\/IMG_2367-1024x1024.png\" alt=\"\" class=\"wp-image-28 size-full\" srcset=\"https:\/\/www.letonnelet.com\/wp-content\/uploads\/2024\/11\/IMG_2367-1024x1024.png 1024w, https:\/\/www.letonnelet.com\/wp-content\/uploads\/2024\/11\/IMG_2367-300x300.png 300w, https:\/\/www.letonnelet.com\/wp-content\/uploads\/2024\/11\/IMG_2367-150x150.png 150w, https:\/\/www.letonnelet.com\/wp-content\/uploads\/2024\/11\/IMG_2367-768x768.png 768w, https:\/\/www.letonnelet.com\/wp-content\/uploads\/2024\/11\/IMG_2367-1536x1536.png 1536w, https:\/\/www.letonnelet.com\/wp-content\/uploads\/2024\/11\/IMG_2367-2048x2048.png 2048w\" sizes=\"auto, (max-width: 1024px) 100vw, 1024px\" \/><\/figure><\/div>\n\n\n\n<p><\/p>\n","protected":false},"excerpt":{"rendered":"<p>Fabrique artisanale de th\u00e9\u00e2tre et d&rsquo;autres curiosit\u00e9s Apr\u00e8s avoir fond\u00e9 la compagnie Bas Les Pat\u2019Hibulaire et y avoir invent\u00e9 et jou\u00e9 des spectacles pendant 14 ans, Jean Faessel cr\u00e9e le [&hellip;]<\/p>\n","protected":false},"author":1,"featured_media":0,"parent":0,"menu_order":0,"comment_status":"closed","ping_status":"closed","template":"","meta":{"site-sidebar-layout":"default","site-content-layout":"","ast-site-content-layout":"","site-content-style":"default","site-sidebar-style":"default","ast-global-header-display":"","ast-banner-title-visibility":"","ast-main-header-display":"","ast-hfb-above-header-display":"","ast-hfb-below-header-display":"","ast-hfb-mobile-header-display":"","site-post-title":"","ast-breadcrumbs-content":"","ast-featured-img":"","footer-sml-layout":"","theme-transparent-header-meta":"","adv-header-id-meta":"","stick-header-meta":"","header-above-stick-meta":"","header-main-stick-meta":"","header-below-stick-meta":"","astra-migrate-meta-layouts":"default","ast-page-background-enabled":"default","ast-page-background-meta":{"desktop":{"background-color":"var(--ast-global-color-4)","background-image":"","background-repeat":"repeat","background-position":"center center","background-size":"auto","background-attachment":"scroll","background-type":"","background-media":"","overlay-type":"","overlay-color":"","overlay-opacity":"","overlay-gradient":""},"tablet":{"background-color":"","background-image":"","background-repeat":"repeat","background-position":"center center","background-size":"auto","background-attachment":"scroll","background-type":"","background-media":"","overlay-type":"","overlay-color":"","overlay-opacity":"","overlay-gradient":""},"mobile":{"background-color":"","background-image":"","background-repeat":"repeat","background-position":"center center","background-size":"auto","background-attachment":"scroll","background-type":"","background-media":"","overlay-type":"","overlay-color":"","overlay-opacity":"","overlay-gradient":""}},"ast-content-background-meta":{"desktop":{"background-color":"var(--ast-global-color-5)","background-image":"","background-repeat":"repeat","background-position":"center center","background-size":"auto","background-attachment":"scroll","background-type":"","background-media":"","overlay-type":"","overlay-color":"","overlay-opacity":"","overlay-gradient":""},"tablet":{"background-color":"var(--ast-global-color-5)","background-image":"","background-repeat":"repeat","background-position":"center center","background-size":"auto","background-attachment":"scroll","background-type":"","background-media":"","overlay-type":"","overlay-color":"","overlay-opacity":"","overlay-gradient":""},"mobile":{"background-color":"var(--ast-global-color-5)","background-image":"","background-repeat":"repeat","background-position":"center center","background-size":"auto","background-attachment":"scroll","background-type":"","background-media":"","overlay-type":"","overlay-color":"","overlay-opacity":"","overlay-gradient":""}},"_ti_tpc_template_sync":false,"_ti_tpc_template_id":"","footnotes":""},"class_list":["post-76","page","type-page","status-publish","hentry"],"_links":{"self":[{"href":"https:\/\/www.letonnelet.com\/index.php\/wp-json\/wp\/v2\/pages\/76","targetHints":{"allow":["GET"]}}],"collection":[{"href":"https:\/\/www.letonnelet.com\/index.php\/wp-json\/wp\/v2\/pages"}],"about":[{"href":"https:\/\/www.letonnelet.com\/index.php\/wp-json\/wp\/v2\/types\/page"}],"author":[{"embeddable":true,"href":"https:\/\/www.letonnelet.com\/index.php\/wp-json\/wp\/v2\/users\/1"}],"replies":[{"embeddable":true,"href":"https:\/\/www.letonnelet.com\/index.php\/wp-json\/wp\/v2\/comments?post=76"}],"version-history":[{"count":14,"href":"https:\/\/www.letonnelet.com\/index.php\/wp-json\/wp\/v2\/pages\/76\/revisions"}],"predecessor-version":[{"id":620,"href":"https:\/\/www.letonnelet.com\/index.php\/wp-json\/wp\/v2\/pages\/76\/revisions\/620"}],"wp:attachment":[{"href":"https:\/\/www.letonnelet.com\/index.php\/wp-json\/wp\/v2\/media?parent=76"}],"curies":[{"name":"wp","href":"https:\/\/api.w.org\/{rel}","templated":true}]}}